{"id":51,"date":"2025-01-10T21:54:41","date_gmt":"2025-01-10T21:54:41","guid":{"rendered":"https:\/\/www.pedicuremichelle.nl\/?page_id=51"},"modified":"2025-01-20T16:09:08","modified_gmt":"2025-01-20T16:09:08","slug":"51-2","status":"publish","type":"page","link":"https:\/\/www.pedicuremichelle.nl\/index.php\/51-2\/","title":{"rendered":""},"content":{"rendered":"\n<div class=\"wp-block-columns is-layout-flex wp-container-core-columns-is-layout-28f84493 wp-block-columns-is-layout-flex\">\n<div class=\"wp-block-column is-layout-flow wp-block-column-is-layout-flow\" style=\"flex-basis:100%\">\n<figure class=\"wp-block-image aligncenter size-full is-resized\"><img loading=\"lazy\" decoding=\"async\" width=\"835\" height=\"277\" src=\"https:\/\/www.pedicuremichelle.nl\/wp-content\/uploads\/2025\/01\/logo-Beaute-Royale-400.png\" alt=\"\" class=\"wp-image-67\" style=\"width:413px;height:auto\" srcset=\"https:\/\/www.pedicuremichelle.nl\/wp-content\/uploads\/2025\/01\/logo-Beaute-Royale-400.png 835w, https:\/\/www.pedicuremichelle.nl\/wp-content\/uploads\/2025\/01\/logo-Beaute-Royale-400-300x100.png 300w, https:\/\/www.pedicuremichelle.nl\/wp-content\/uploads\/2025\/01\/logo-Beaute-Royale-400-768x255.png 768w\" sizes=\"auto, (max-width: 835px) 100vw, 835px\" \/><\/figure>\n\n\n\n<p class=\"has-text-align-center\"><br>De producten van Beaut\u00e9 Royale zijn van zeer hoge kwaliteit en worden met de handgemaakt. Beaut\u00e9 Royale heeft een historie van ruim 55 jaar. De producten worden met aandacht en op ambachtelijke wijze in eigen laboratorium gemaakt. De producten zijn volledig dierproefvrij en worden gemaakt van natuurlijke ingredi\u00ebnten. <br><br>Van dit merk werk ik onder andere met:<br><br><strong>Voet &amp; Been Balsem<\/strong> &#8211;  Is een verzachtende en beschermende balsem. De balsem trekt goed in en verzorgt langdurig. Ook herstelt en voedt de balsem. Ingredi\u00ebnten die er o.a. in zitten zijn jojoba, kamille, vitamine-E, zee-alg en Shea butter. <br>De balsem is er in de varianten Lavendel, Eucalyptus, Citrus, Kaneel, Champagne en Pepermunt.<\/p>\n<\/div>\n<\/div>\n\n\n\n<p class=\"has-text-align-center\"><strong>Voetcr\u00e8me Plus (10% ureum)<\/strong> &#8211; Is een intensief verzorgende en hydraterende cr\u00e8me. Deze cr\u00e8me is goed voor de extreem droge (diabetes) huid. De cr\u00e8me herstelt de huid en maakt deze weer soep en zacht. Hij is makkelijk smeerbaar, trekt snel in en ruik heerlijk fris. Ingredi\u00ebnten die er o.a. in zitten zijn ureum, jojobae, shea butter, vitamine E, bijenwas en pepermunt.<\/p>\n\n\n\n<p class=\"has-text-align-center\"><strong>Klovenzalf <\/strong>&#8211; Is een kalmerende en verkoelende zalf voor de ruwe droge en gebarsten huid. Ingredi\u00ebnten die er o.a. in zitten zijn zink, lanoline, kampeer en menthol. De zalf stimuleert het huidherstel en heeft een antibacteri\u00eble werking.<\/p>\n\n\n\n<p class=\"has-text-align-center\"><strong>MyCo Spray en MyCo Oil (duo)<\/strong> &#8211; In combinatie met elkaar is dit een gouden duo. De spray desinfecteert, opent kortstondig de nagelstructuur, dringt diep door en werkt antibacterieel en schimmelwerend. De olie bestaat uit een unieke samenstelling van 22 krachtige oli\u00ebn. Deze zorgen voor een actieve meervoudige schimmelbestrijding en een gezond herstel van de nagel. Voor optimale werking de olie direct na de spray aanbrengen.<\/p>\n\n\n\n<p class=\"has-text-align-center\"><strong>Voet &amp; Been Massage Olie <\/strong>&#8211; Dit is een natuurlijke olie voor een goede en aangename massage. Het maakt de huid en spieren weer zacht en soepel. De olie is er in de varianten Rozemarijn &amp; Citroen of Sinaasappel &amp; Kaneel.<\/p>\n","protected":false},"excerpt":{"rendered":"<p>De producten van Beaut\u00e9 Royale zijn van zeer hoge kwaliteit en worden met de handgemaakt. Beaut\u00e9 Royale heeft een historie van ruim 55 jaar. De producten worden met aandacht en op ambachtelijke wijze in eigen laboratorium gemaakt. De producten zijn volledig dierproefvrij en worden gemaakt van natuurlijke ingredi\u00ebnten. Van dit merk werk ik onder andere [&hellip;]<\/p>\n","protected":false},"author":1,"featured_media":0,"parent":0,"menu_order":0,"comment_status":"closed","ping_status":"closed","template":"","meta":{"footnotes":""},"class_list":["post-51","page","type-page","status-publish","hentry"],"_links":{"self":[{"href":"https:\/\/www.pedicuremichelle.nl\/index.php\/wp-json\/wp\/v2\/pages\/51","targetHints":{"allow":["GET"]}}],"collection":[{"href":"https:\/\/www.pedicuremichelle.nl\/index.php\/wp-json\/wp\/v2\/pages"}],"about":[{"href":"https:\/\/www.pedicuremichelle.nl\/index.php\/wp-json\/wp\/v2\/types\/page"}],"author":[{"embeddable":true,"href":"https:\/\/www.pedicuremichelle.nl\/index.php\/wp-json\/wp\/v2\/users\/1"}],"replies":[{"embeddable":true,"href":"https:\/\/www.pedicuremichelle.nl\/index.php\/wp-json\/wp\/v2\/comments?post=51"}],"version-history":[{"count":6,"href":"https:\/\/www.pedicuremichelle.nl\/index.php\/wp-json\/wp\/v2\/pages\/51\/revisions"}],"predecessor-version":[{"id":69,"href":"https:\/\/www.pedicuremichelle.nl\/index.php\/wp-json\/wp\/v2\/pages\/51\/revisions\/69"}],"wp:attachment":[{"href":"https:\/\/www.pedicuremichelle.nl\/index.php\/wp-json\/wp\/v2\/media?parent=51"}],"curies":[{"name":"wp","href":"https:\/\/api.w.org\/{rel}","templated":true}]}}